{"id":52,"date":"2020-10-11T23:22:21","date_gmt":"2020-10-11T21:22:21","guid":{"rendered":"http:\/\/service-hippmann.de\/?page_id=52"},"modified":"2023-03-02T13:14:57","modified_gmt":"2023-03-02T12:14:57","slug":"leistung","status":"publish","type":"page","link":"https:\/\/service-hippmann.de\/?page_id=52","title":{"rendered":"Unsere Leistungen"},"content":{"rendered":"\t\t<div data-elementor-type=\"wp-page\" data-elementor-id=\"52\" class=\"elementor elementor-52\">\n\t\t\t\t\t\t<div class=\"elementor-inner\">\n\t\t\t\t<div class=\"elementor-section-wrap\">\n\t\t\t\t\t\t\t\t\t<section class=\"elementor-section elementor-top-section elementor-element elementor-element-9a51056 elementor-section-boxed elementor-section-height-default elementor-section-height-default\" data-id=\"9a51056\" data-element_type=\"section\">\n\t\t\t\t\t\t<div class=\"elementor-container elementor-column-gap-default\">\n\t\t\t\t\t\t\t<div class=\"elementor-row\">\n\t\t\t\t\t<div class=\"elementor-column elementor-col-100 elementor-top-column elementor-element elementor-element-b828bbc\" data-id=\"b828bbc\" data-element_type=\"column\">\n\t\t\t<div class=\"elementor-column-wrap elementor-element-populated\">\n\t\t\t\t\t\t\t<div class=\"elementor-widget-wrap\">\n\t\t\t\t\t\t<div class=\"elementor-element elementor-element-3a1298a elementor-widget elementor-widget-spacer\" data-id=\"3a1298a\" data-element_type=\"widget\" data-widget_type=\"spacer.default\">\n\t\t\t\t<div class=\"elementor-widget-container\">\n\t\t\t\t\t<div class=\"elementor-spacer\">\n\t\t\t<div class=\"elementor-spacer-inner\"><\/div>\n\t\t<\/div>\n\t\t\t\t<\/div>\n\t\t\t\t<\/div>\n\t\t\t\t<div class=\"elementor-element elementor-element-fdb5c7b elementor-widget__width-initial elementor-widget elementor-widget-heading\" data-id=\"fdb5c7b\" data-element_type=\"widget\" data-widget_type=\"heading.default\">\n\t\t\t\t<div class=\"elementor-widget-container\">\n\t\t\t<h2 class=\"elementor-heading-title elementor-size-default\">Ihr kompetenter Partner F\u00fcr Holzh\u00e4user<\/h2>\t\t<\/div>\n\t\t\t\t<\/div>\n\t\t\t\t<div class=\"elementor-element elementor-element-57b69ef elementor-widget elementor-widget-spacer\" data-id=\"57b69ef\" data-element_type=\"widget\" data-widget_type=\"spacer.default\">\n\t\t\t\t<div class=\"elementor-widget-container\">\n\t\t\t\t\t<div class=\"elementor-spacer\">\n\t\t\t<div class=\"elementor-spacer-inner\"><\/div>\n\t\t<\/div>\n\t\t\t\t<\/div>\n\t\t\t\t<\/div>\n\t\t\t\t\t\t<\/div>\n\t\t\t\t\t<\/div>\n\t\t<\/div>\n\t\t\t\t\t\t\t\t<\/div>\n\t\t\t\t\t<\/div>\n\t\t<\/section>\n\t\t\t\t<section class=\"elementor-section elementor-top-section elementor-element elementor-element-d21b480 elementor-section-boxed elementor-section-height-default elementor-section-height-default\" data-id=\"d21b480\" data-element_type=\"section\">\n\t\t\t\t\t\t<div class=\"elementor-container elementor-column-gap-default\">\n\t\t\t\t\t\t\t<div class=\"elementor-row\">\n\t\t\t\t\t<div class=\"elementor-column elementor-col-25 elementor-top-column elementor-element elementor-element-98427eb\" data-id=\"98427eb\" data-element_type=\"column\">\n\t\t\t<div class=\"elementor-column-wrap elementor-element-populated\">\n\t\t\t\t\t\t\t<div class=\"elementor-widget-wrap\">\n\t\t\t\t\t\t<div class=\"elementor-element elementor-element-b741211 elementor-widget elementor-widget-image\" data-id=\"b741211\" data-element_type=\"widget\" data-widget_type=\"image.default\">\n\t\t\t\t<div class=\"elementor-widget-container\">\n\t\t\t\t\t\t\t\t<div class=\"elementor-image\">\n\t\t\t\t\t\t\t\t\t\t\t\t<img width=\"576\" height=\"1024\" src=\"https:\/\/service-hippmann.de\/wp-content\/uploads\/2022\/10\/20220601_152037-576x1024.jpg\" class=\"attachment-large size-large\" alt=\"\" loading=\"lazy\" srcset=\"https:\/\/service-hippmann.de\/wp-content\/uploads\/2022\/10\/20220601_152037-576x1024.jpg 576w, https:\/\/service-hippmann.de\/wp-content\/uploads\/2022\/10\/20220601_152037-169x300.jpg 169w, https:\/\/service-hippmann.de\/wp-content\/uploads\/2022\/10\/20220601_152037-768x1365.jpg 768w, https:\/\/service-hippmann.de\/wp-content\/uploads\/2022\/10\/20220601_152037-864x1536.jpg 864w, https:\/\/service-hippmann.de\/wp-content\/uploads\/2022\/10\/20220601_152037-1152x2048.jpg 1152w, https:\/\/service-hippmann.de\/wp-content\/uploads\/2022\/10\/20220601_152037-scaled.jpg 1440w\" sizes=\"(max-width: 576px) 100vw, 576px\" \/>\t\t\t\t\t\t\t\t\t\t\t\t\t\t<\/div>\n\t\t\t\t\t\t<\/div>\n\t\t\t\t<\/div>\n\t\t\t\t\t\t<\/div>\n\t\t\t\t\t<\/div>\n\t\t<\/div>\n\t\t\t\t<div class=\"elementor-column elementor-col-50 elementor-top-column elementor-element elementor-element-e2dbdac\" data-id=\"e2dbdac\" data-element_type=\"column\">\n\t\t\t<div class=\"elementor-column-wrap elementor-element-populated\">\n\t\t\t\t\t\t\t<div class=\"elementor-widget-wrap\">\n\t\t\t\t\t\t<div class=\"elementor-element elementor-element-26200b9 elementor-widget elementor-widget-heading\" data-id=\"26200b9\" data-element_type=\"widget\" data-widget_type=\"heading.default\">\n\t\t\t\t<div class=\"elementor-widget-container\">\n\t\t\t<h2 class=\"elementor-heading-title elementor-size-default\">Unsere Leistung<\/h2>\t\t<\/div>\n\t\t\t\t<\/div>\n\t\t\t\t<div class=\"elementor-element elementor-element-9111843 elementor-widget elementor-widget-text-editor\" data-id=\"9111843\" data-element_type=\"widget\" data-widget_type=\"text-editor.default\">\n\t\t\t\t<div class=\"elementor-widget-container\">\n\t\t\t\t\t\t\t\t<div class=\"elementor-text-editor elementor-clearfix\">\n\t\t\t\t<p style=\"text-align: center;\">Holzhaus Bau<\/p><p style=\"text-align: center;\">Sanierung<\/p><p style=\"text-align: center;\">Lehmbau<\/p><p style=\"text-align: center;\">\u00d6kologisches D\u00e4mmen<\/p>\t\t\t\t\t<\/div>\n\t\t\t\t\t\t<\/div>\n\t\t\t\t<\/div>\n\t\t\t\t\t\t<\/div>\n\t\t\t\t\t<\/div>\n\t\t<\/div>\n\t\t\t\t<div class=\"elementor-column elementor-col-25 elementor-top-column elementor-element elementor-element-9c4525e\" data-id=\"9c4525e\" data-element_type=\"column\">\n\t\t\t<div class=\"elementor-column-wrap elementor-element-populated\">\n\t\t\t\t\t\t\t<div class=\"elementor-widget-wrap\">\n\t\t\t\t\t\t<div class=\"elementor-element elementor-element-b55b01e elementor-widget elementor-widget-image\" data-id=\"b55b01e\" data-element_type=\"widget\" data-widget_type=\"image.default\">\n\t\t\t\t<div class=\"elementor-widget-container\">\n\t\t\t\t\t\t\t\t<div class=\"elementor-image\">\n\t\t\t\t\t\t\t\t\t\t\t\t<img width=\"576\" height=\"1024\" src=\"https:\/\/service-hippmann.de\/wp-content\/uploads\/2022\/10\/20220506_172450-576x1024.jpg\" class=\"attachment-large size-large\" alt=\"\" loading=\"lazy\" srcset=\"https:\/\/service-hippmann.de\/wp-content\/uploads\/2022\/10\/20220506_172450-576x1024.jpg 576w, https:\/\/service-hippmann.de\/wp-content\/uploads\/2022\/10\/20220506_172450-169x300.jpg 169w, https:\/\/service-hippmann.de\/wp-content\/uploads\/2022\/10\/20220506_172450-768x1365.jpg 768w, https:\/\/service-hippmann.de\/wp-content\/uploads\/2022\/10\/20220506_172450-864x1536.jpg 864w, https:\/\/service-hippmann.de\/wp-content\/uploads\/2022\/10\/20220506_172450-1152x2048.jpg 1152w, https:\/\/service-hippmann.de\/wp-content\/uploads\/2022\/10\/20220506_172450-scaled.jpg 1440w\" sizes=\"(max-width: 576px) 100vw, 576px\" \/>\t\t\t\t\t\t\t\t\t\t\t\t\t\t<\/div>\n\t\t\t\t\t\t<\/div>\n\t\t\t\t<\/div>\n\t\t\t\t\t\t<\/div>\n\t\t\t\t\t<\/div>\n\t\t<\/div>\n\t\t\t\t\t\t\t\t<\/div>\n\t\t\t\t\t<\/div>\n\t\t<\/section>\n\t\t\t\t<section class=\"elementor-section elementor-top-section elementor-element elementor-element-b6706a2 elementor-section-boxed elementor-section-height-default elementor-section-height-default\" data-id=\"b6706a2\" data-element_type=\"section\">\n\t\t\t\t\t\t<div class=\"elementor-container elementor-column-gap-default\">\n\t\t\t\t\t\t\t<div class=\"elementor-row\">\n\t\t\t\t\t<div class=\"elementor-column elementor-col-50 elementor-top-column elementor-element elementor-element-88187cb\" data-id=\"88187cb\" data-element_type=\"column\">\n\t\t\t<div class=\"elementor-column-wrap elementor-element-populated\">\n\t\t\t\t\t\t\t<div class=\"elementor-widget-wrap\">\n\t\t\t\t\t\t<div class=\"elementor-element elementor-element-475bfa1 elementor-widget elementor-widget-image\" data-id=\"475bfa1\" data-element_type=\"widget\" data-widget_type=\"image.default\">\n\t\t\t\t<div class=\"elementor-widget-container\">\n\t\t\t\t\t\t\t\t<div class=\"elementor-image\">\n\t\t\t\t\t\t\t\t\t\t\t\t<img width=\"480\" height=\"640\" src=\"https:\/\/service-hippmann.de\/wp-content\/uploads\/2022\/10\/80224041_1623187611171515_6271206262292483750_n.jpg\" class=\"attachment-large size-large\" alt=\"\" loading=\"lazy\" srcset=\"https:\/\/service-hippmann.de\/wp-content\/uploads\/2022\/10\/80224041_1623187611171515_6271206262292483750_n.jpg 480w, https:\/\/service-hippmann.de\/wp-content\/uploads\/2022\/10\/80224041_1623187611171515_6271206262292483750_n-225x300.jpg 225w\" sizes=\"(max-width: 480px) 100vw, 480px\" \/>\t\t\t\t\t\t\t\t\t\t\t\t\t\t<\/div>\n\t\t\t\t\t\t<\/div>\n\t\t\t\t<\/div>\n\t\t\t\t<div class=\"elementor-element elementor-element-d0e5a1d elementor-widget elementor-widget-text-editor\" data-id=\"d0e5a1d\" data-element_type=\"widget\" data-widget_type=\"text-editor.default\">\n\t\t\t\t<div class=\"elementor-widget-container\">\n\t\t\t\t\t\t\t\t<div class=\"elementor-text-editor elementor-clearfix\">\n\t\t\t\t<ul><li>Holzhaus Bau\/ Sanierung<\/li><li>Trockenbau<\/li><li>Lehmbau<\/li><li>\u00d6kologisches D\u00e4mmen<\/li><li>Raumgestaltung<\/li><li>Hausmeisterservice<\/li><li>Beratung Autarkes Leben<\/li><li>Beratung Solartechnik<\/li><li>Reparaturen und Ausbesserungsarbeiten<\/li><li>Upcycling- aus Alt wird Neu<\/li><li>Grundst\u00fcckspflege- Baumf\u00e4llarbeiten, Hecke schneiden, Rasen m\u00e4hen<\/li><li>Bereitschaftsdienst f\u00fcr Notf\u00e4lle &#8211; der Wasserhahn tropft, der Keller ist \u00fcberschwemmt<\/li><li>Dienstleistungen- Sie brauchen Hilfe in verschiedenen Bereichen<\/li><\/ul>\t\t\t\t\t<\/div>\n\t\t\t\t\t\t<\/div>\n\t\t\t\t<\/div>\n\t\t\t\t\t\t<\/div>\n\t\t\t\t\t<\/div>\n\t\t<\/div>\n\t\t\t\t<div class=\"elementor-column elementor-col-50 elementor-top-column elementor-element elementor-element-b790531\" data-id=\"b790531\" data-element_type=\"column\">\n\t\t\t<div class=\"elementor-column-wrap elementor-element-populated\">\n\t\t\t\t\t\t\t<div class=\"elementor-widget-wrap\">\n\t\t\t\t\t\t<div class=\"elementor-element elementor-element-20edae8 elementor-widget elementor-widget-text-editor\" data-id=\"20edae8\" data-element_type=\"widget\" data-widget_type=\"text-editor.default\">\n\t\t\t\t<div class=\"elementor-widget-container\">\n\t\t\t\t\t\t\t\t<div class=\"elementor-text-editor elementor-clearfix\">\n\t\t\t\t<ul><li>Endreinigung -Nach dem Bau wird gr\u00fcndlich geputzt<\/li><li>Housekeeping -Reinigung und Pflege Ihres Ferien Domizils -Zwischen und Endreinigung inkl. Abschlie\u00dfendem Room-Check und Material-Service (Toilettenpapier, Seife, Sp\u00fclmaschinentabs, etc.)<\/li><li>Funktionstest -alle Ger\u00e4te, Leuchtmittel und ggf. Austausch oder Reparatur<\/li><li>Fenster Reinigung -f\u00fcr Ihren Durchblick<\/li><\/ul>\t\t\t\t\t<\/div>\n\t\t\t\t\t\t<\/div>\n\t\t\t\t<\/div>\n\t\t\t\t<div class=\"elementor-element elementor-element-8964261 elementor-widget elementor-widget-image\" data-id=\"8964261\" data-element_type=\"widget\" data-widget_type=\"image.default\">\n\t\t\t\t<div class=\"elementor-widget-container\">\n\t\t\t\t\t\t\t\t<div class=\"elementor-image\">\n\t\t\t\t\t\t\t\t\t\t\t\t<img width=\"617\" height=\"463\" src=\"https:\/\/service-hippmann.de\/wp-content\/uploads\/2022\/10\/82291859_1623186951171581_6124678404091922968_n.jpg\" class=\"attachment-large size-large\" alt=\"\" loading=\"lazy\" srcset=\"https:\/\/service-hippmann.de\/wp-content\/uploads\/2022\/10\/82291859_1623186951171581_6124678404091922968_n.jpg 617w, https:\/\/service-hippmann.de\/wp-content\/uploads\/2022\/10\/82291859_1623186951171581_6124678404091922968_n-300x225.jpg 300w\" sizes=\"(max-width: 617px) 100vw, 617px\" \/>\t\t\t\t\t\t\t\t\t\t\t\t\t\t<\/div>\n\t\t\t\t\t\t<\/div>\n\t\t\t\t<\/div>\n\t\t\t\t\t\t<\/div>\n\t\t\t\t\t<\/div>\n\t\t<\/div>\n\t\t\t\t\t\t\t\t<\/div>\n\t\t\t\t\t<\/div>\n\t\t<\/section>\n\t\t\t\t<section class=\"elementor-section elementor-top-section elementor-element elementor-element-40c3e73 elementor-section-boxed elementor-section-height-default elementor-section-height-default\" data-id=\"40c3e73\" data-element_type=\"section\">\n\t\t\t\t\t\t<div class=\"elementor-container elementor-column-gap-default\">\n\t\t\t\t\t\t\t<div class=\"elementor-row\">\n\t\t\t\t\t<div class=\"elementor-column elementor-col-100 elementor-top-column elementor-element elementor-element-635bb26\" data-id=\"635bb26\" data-element_type=\"column\">\n\t\t\t<div class=\"elementor-column-wrap elementor-element-populated\">\n\t\t\t\t\t\t\t<div class=\"elementor-widget-wrap\">\n\t\t\t\t\t\t<div class=\"elementor-element elementor-element-611f51e elementor-widget elementor-widget-text-editor\" data-id=\"611f51e\" data-element_type=\"widget\" data-widget_type=\"text-editor.default\">\n\t\t\t\t<div class=\"elementor-widget-container\">\n\t\t\t\t\t\t\t\t<div class=\"elementor-text-editor elementor-clearfix\">\n\t\t\t\t<p>S\u00e4mtliche Kleinreparaturen und Ausbesserungen die nicht im Rahmen eines ben\u00f6tigten Meistertitels bed\u00fcrfen, werden durch uns Zeitnah durchgef\u00fchrt!<\/p>\t\t\t\t\t<\/div>\n\t\t\t\t\t\t<\/div>\n\t\t\t\t<\/div>\n\t\t\t\t\t\t<\/div>\n\t\t\t\t\t<\/div>\n\t\t<\/div>\n\t\t\t\t\t\t\t\t<\/div>\n\t\t\t\t\t<\/div>\n\t\t<\/section>\n\t\t\t\t\t\t\t\t\t<\/div>\n\t\t\t<\/div>\n\t\t\t\t\t<\/div>\n\t\t","protected":false},"excerpt":{"rendered":"<p>Ihr kompetenter Partner F\u00fcr Holzh\u00e4user Unsere Leistung Holzhaus Bau Sanierung Lehmbau \u00d6kologisches D\u00e4mmen Holzhaus Bau\/ Sanierung Trockenbau Lehmbau \u00d6kologisches D\u00e4mmen Raumgestaltung Hausmeisterservice Beratung Autarkes Leben Beratung Solartechnik Reparaturen und Ausbesserungsarbeiten Upcycling- aus Alt wird Neu Grundst\u00fcckspflege- Baumf\u00e4llarbeiten, Hecke schneiden, Rasen m\u00e4hen Bereitschaftsdienst f\u00fcr Notf\u00e4lle &#8211; der Wasserhahn tropft, der Keller ist \u00fcberschwemmt Dienstleistungen- Sie brauchen [&hellip;]<\/p>\n","protected":false},"author":1,"featured_media":0,"parent":0,"menu_order":0,"comment_status":"closed","ping_status":"closed","template":"","meta":{"ocean_post_layout":"full-screen","ocean_both_sidebars_style":"","ocean_both_sidebars_content_width":0,"ocean_both_sidebars_sidebars_width":0,"ocean_sidebar":"0","ocean_second_sidebar":"0","ocean_disable_margins":"enable","ocean_add_body_class":"","ocean_shortcode_before_top_bar":"","ocean_shortcode_after_top_bar":"","ocean_shortcode_before_header":"","ocean_shortcode_after_header":"","ocean_has_shortcode":"","ocean_shortcode_after_title":"","ocean_shortcode_before_footer_widgets":"","ocean_shortcode_after_footer_widgets":"","ocean_shortcode_before_footer_bottom":"","ocean_shortcode_after_footer_bottom":"","ocean_display_top_bar":"off","ocean_display_header":"default","ocean_header_style":"","ocean_center_header_left_menu":"0","ocean_custom_header_template":"0","ocean_custom_logo":0,"ocean_custom_retina_logo":0,"ocean_custom_logo_max_width":0,"ocean_custom_logo_tablet_max_width":0,"ocean_custom_logo_mobile_max_width":0,"ocean_custom_logo_max_height":0,"ocean_custom_logo_tablet_max_height":0,"ocean_custom_logo_mobile_max_height":0,"ocean_header_custom_menu":"0","ocean_menu_typo_font_family":"0","ocean_menu_typo_font_subset":"","ocean_menu_typo_font_size":0,"ocean_menu_typo_font_size_tablet":0,"ocean_menu_typo_font_size_mobile":0,"ocean_menu_typo_font_size_unit":"px","ocean_menu_typo_font_weight":"","ocean_menu_typo_font_weight_tablet":"","ocean_menu_typo_font_weight_mobile":"","ocean_menu_typo_transform":"","ocean_menu_typo_transform_tablet":"","ocean_menu_typo_transform_mobile":"","ocean_menu_typo_line_height":0,"ocean_menu_typo_line_height_tablet":0,"ocean_menu_typo_line_height_mobile":0,"ocean_menu_typo_line_height_unit":"","ocean_menu_typo_spacing":0,"ocean_menu_typo_spacing_tablet":0,"ocean_menu_typo_spacing_mobile":0,"ocean_menu_typo_spacing_unit":"","ocean_menu_link_color":"","ocean_menu_link_color_hover":"","ocean_menu_link_color_active":"","ocean_menu_link_background":"","ocean_menu_link_hover_background":"","ocean_menu_link_active_background":"","ocean_menu_social_links_bg":"","ocean_menu_social_hover_links_bg":"","ocean_menu_social_links_color":"","ocean_menu_social_hover_links_color":"","ocean_disable_title":"on","ocean_disable_heading":"default","ocean_post_title":"","ocean_post_subheading":"","ocean_post_title_style":"","ocean_post_title_background_color":"","ocean_post_title_background":0,"ocean_post_title_bg_image_position":"","ocean_post_title_bg_image_attachment":"","ocean_post_title_bg_image_repeat":"","ocean_post_title_bg_image_size":"","ocean_post_title_height":0,"ocean_post_title_bg_overlay":0.5,"ocean_post_title_bg_overlay_color":"","ocean_disable_breadcrumbs":"default","ocean_breadcrumbs_color":"","ocean_breadcrumbs_separator_color":"","ocean_breadcrumbs_links_color":"","ocean_breadcrumbs_links_hover_color":"","ocean_display_footer_widgets":"off","ocean_display_footer_bottom":"off","ocean_custom_footer_template":"0"},"_links":{"self":[{"href":"https:\/\/service-hippmann.de\/index.php?rest_route=\/wp\/v2\/pages\/52"}],"collection":[{"href":"https:\/\/service-hippmann.de\/index.php?rest_route=\/wp\/v2\/pages"}],"about":[{"href":"https:\/\/service-hippmann.de\/index.php?rest_route=\/wp\/v2\/types\/page"}],"author":[{"embeddable":true,"href":"https:\/\/service-hippmann.de\/index.php?rest_route=\/wp\/v2\/users\/1"}],"replies":[{"embeddable":true,"href":"https:\/\/service-hippmann.de\/index.php?rest_route=%2Fwp%2Fv2%2Fcomments&post=52"}],"version-history":[{"count":21,"href":"https:\/\/service-hippmann.de\/index.php?rest_route=\/wp\/v2\/pages\/52\/revisions"}],"predecessor-version":[{"id":573,"href":"https:\/\/service-hippmann.de\/index.php?rest_route=\/wp\/v2\/pages\/52\/revisions\/573"}],"wp:attachment":[{"href":"https:\/\/service-hippmann.de\/index.php?rest_route=%2Fwp%2Fv2%2Fmedia&parent=52"}],"curies":[{"name":"wp","href":"https:\/\/api.w.org\/{rel}","templated":true}]}}