{"id":46,"date":"2020-10-11T23:19:59","date_gmt":"2020-10-11T21:19:59","guid":{"rendered":"http:\/\/service-hippmann.de\/?page_id=46"},"modified":"2023-02-05T16:16:47","modified_gmt":"2023-02-05T15:16:47","slug":"ueber-uns","status":"publish","type":"page","link":"https:\/\/service-hippmann.de\/?page_id=46","title":{"rendered":"\u00dcber Uns"},"content":{"rendered":"\t\t<div data-elementor-type=\"wp-page\" data-elementor-id=\"46\" class=\"elementor elementor-46\">\n\t\t\t\t\t\t<div class=\"elementor-inner\">\n\t\t\t\t<div class=\"elementor-section-wrap\">\n\t\t\t\t\t\t\t\t\t<section class=\"elementor-section elementor-top-section elementor-element elementor-element-637135e elementor-section-boxed elementor-section-height-default elementor-section-height-default\" data-id=\"637135e\" data-element_type=\"section\">\n\t\t\t\t\t\t<div class=\"elementor-container elementor-column-gap-default\">\n\t\t\t\t\t\t\t<div class=\"elementor-row\">\n\t\t\t\t\t<div class=\"elementor-column elementor-col-50 elementor-top-column elementor-element elementor-element-ed147e3\" data-id=\"ed147e3\" data-element_type=\"column\">\n\t\t\t<div class=\"elementor-column-wrap elementor-element-populated\">\n\t\t\t\t\t\t\t<div class=\"elementor-widget-wrap\">\n\t\t\t\t\t\t<div class=\"elementor-element elementor-element-d81162a elementor-widget elementor-widget-image\" data-id=\"d81162a\" data-element_type=\"widget\" data-widget_type=\"image.default\">\n\t\t\t\t<div class=\"elementor-widget-container\">\n\t\t\t\t\t\t\t\t<div class=\"elementor-image\">\n\t\t\t\t\t\t\t\t\t\t\t\t<img width=\"1024\" height=\"768\" src=\"https:\/\/service-hippmann.de\/wp-content\/uploads\/2023\/02\/20190719_155340-1024x768.jpg\" class=\"attachment-large size-large\" alt=\"\" loading=\"lazy\" srcset=\"https:\/\/service-hippmann.de\/wp-content\/uploads\/2023\/02\/20190719_155340-1024x768.jpg 1024w, https:\/\/service-hippmann.de\/wp-content\/uploads\/2023\/02\/20190719_155340-300x225.jpg 300w, https:\/\/service-hippmann.de\/wp-content\/uploads\/2023\/02\/20190719_155340-768x576.jpg 768w, https:\/\/service-hippmann.de\/wp-content\/uploads\/2023\/02\/20190719_155340-1536x1152.jpg 1536w, https:\/\/service-hippmann.de\/wp-content\/uploads\/2023\/02\/20190719_155340-2048x1536.jpg 2048w\" sizes=\"(max-width: 1024px) 100vw, 1024px\" \/>\t\t\t\t\t\t\t\t\t\t\t\t\t\t<\/div>\n\t\t\t\t\t\t<\/div>\n\t\t\t\t<\/div>\n\t\t\t\t\t\t<\/div>\n\t\t\t\t\t<\/div>\n\t\t<\/div>\n\t\t\t\t<div class=\"elementor-column elementor-col-50 elementor-top-column elementor-element elementor-element-6667b3d\" data-id=\"6667b3d\" data-element_type=\"column\">\n\t\t\t<div class=\"elementor-column-wrap elementor-element-populated\">\n\t\t\t\t\t\t\t<div class=\"elementor-widget-wrap\">\n\t\t\t\t\t\t<div class=\"elementor-element elementor-element-dfe22d9 elementor-widget elementor-widget-heading\" data-id=\"dfe22d9\" data-element_type=\"widget\" data-widget_type=\"heading.default\">\n\t\t\t\t<div class=\"elementor-widget-container\">\n\t\t\t<h2 class=\"elementor-heading-title elementor-size-default\">Wir sind Service Hippmann<\/h2>\t\t<\/div>\n\t\t\t\t<\/div>\n\t\t\t\t<div class=\"elementor-element elementor-element-eb71616 elementor-widget elementor-widget-text-editor\" data-id=\"eb71616\" data-element_type=\"widget\" data-widget_type=\"text-editor.default\">\n\t\t\t\t<div class=\"elementor-widget-container\">\n\t\t\t\t\t\t\t\t<div class=\"elementor-text-editor elementor-clearfix\">\n\t\t\t\t<p>Moin!<\/p><p>wir haben uns zur Aufgabe gemacht die Natur mit dem Wohnen zu vereinen.<\/p><p>\u00a0Vor 9 Jahren haben wir uns einen kleinen Traum erf\u00fcllt und ein kleines Waldhaus gekauft. 24qm, kein Strom, kein Wasser- f\u00fcr eine Patchworkfamilie mit 5 Kindern und Hund eigentlich unm\u00f6glich&#8230;.dennoch haben wir die Herausforderung angenommen! Mit viel Liebe und Geschick ist nach und nach ein kleines Paradies entstanden, Aus 24qm wurden 60qm, energetisch perfekt, Strom durch Solar, Wasser aus der Erde, W\u00e4rme durch Kachelofen, einfach traumhaft.<\/p><p>Die Idee war geboren! Als technischer Produktdesigner und Bauzeichnerin, wollten wir nun auf der ausf\u00fchrenden Seite, auch anderen Menschen ein bisschen Liebe und Geschick abgeben. Neben unseren mittlerweile 2 eigenen Bauprojekten, durften wir schon einige kleinere Projekte mit gestalten und umsetzen, aber auch bereits 2 Gro\u00dfprojekte betreuen, formen und gestalten.<\/p><p>Uns liegt das \u00f6kologische nachhaltige Bauen sehr am Herze, denn die Umwelt geht uns alle an!!! Leider viel zu oft, werden wundersch\u00f6ne alte H\u00e4user durch konventionelle Baustoffe kaputt saniert. Uns ist es daher ein besonderes Anliegen, Bestandsimmobilien zu erhalten und \u00f6kologisch wie auch energetisch aufzuwerten.<\/p><p>Egal ob Holz oder Stein, wir trauen uns, denn <span style=\"color: #008000;\"><strong>mit uns zieht die Natur ins Haus!<\/strong><\/span><\/p><p>Es gr\u00fc\u00dfen Euch Joschie Hippmann und Stefanie Hippmann-Behr<\/p><p>\u00a0<\/p><p>\u00a0<\/p>\t\t\t\t\t<\/div>\n\t\t\t\t\t\t<\/div>\n\t\t\t\t<\/div>\n\t\t\t\t\t\t<\/div>\n\t\t\t\t\t<\/div>\n\t\t<\/div>\n\t\t\t\t\t\t\t\t<\/div>\n\t\t\t\t\t<\/div>\n\t\t<\/section>\n\t\t\t\t\t\t\t\t\t<\/div>\n\t\t\t<\/div>\n\t\t\t\t\t<\/div>\n\t\t","protected":false},"excerpt":{"rendered":"<p>Wir sind Service Hippmann Moin! wir haben uns zur Aufgabe gemacht die Natur mit dem Wohnen zu vereinen. \u00a0Vor 9 Jahren haben wir uns einen kleinen Traum erf\u00fcllt und ein kleines Waldhaus gekauft. 24qm, kein Strom, kein Wasser- f\u00fcr eine Patchworkfamilie mit 5 Kindern und Hund eigentlich unm\u00f6glich&#8230;.dennoch haben wir die Herausforderung angenommen! Mit viel [&hellip;]<\/p>\n","protected":false},"author":1,"featured_media":0,"parent":0,"menu_order":0,"comment_status":"closed","ping_status":"closed","template":"","meta":{"ocean_post_layout":"full-screen","ocean_both_sidebars_style":"","ocean_both_sidebars_content_width":0,"ocean_both_sidebars_sidebars_width":0,"ocean_sidebar":"0","ocean_second_sidebar":"0","ocean_disable_margins":"enable","ocean_add_body_class":"","ocean_shortcode_before_top_bar":"","ocean_shortcode_after_top_bar":"","ocean_shortcode_before_header":"","ocean_shortcode_after_header":"","ocean_has_shortcode":"","ocean_shortcode_after_title":"","ocean_shortcode_before_footer_widgets":"","ocean_shortcode_after_footer_widgets":"","ocean_shortcode_before_footer_bottom":"","ocean_shortcode_after_footer_bottom":"","ocean_display_top_bar":"off","ocean_display_header":"default","ocean_header_style":"","ocean_center_header_left_menu":"0","ocean_custom_header_template":"0","ocean_custom_logo":0,"ocean_custom_retina_logo":0,"ocean_custom_logo_max_width":0,"ocean_custom_logo_tablet_max_width":0,"ocean_custom_logo_mobile_max_width":0,"ocean_custom_logo_max_height":0,"ocean_custom_logo_tablet_max_height":0,"ocean_custom_logo_mobile_max_height":0,"ocean_header_custom_menu":"0","ocean_menu_typo_font_family":"0","ocean_menu_typo_font_subset":"","ocean_menu_typo_font_size":0,"ocean_menu_typo_font_size_tablet":0,"ocean_menu_typo_font_size_mobile":0,"ocean_menu_typo_font_size_unit":"px","ocean_menu_typo_font_weight":"","ocean_menu_typo_font_weight_tablet":"","ocean_menu_typo_font_weight_mobile":"","ocean_menu_typo_transform":"","ocean_menu_typo_transform_tablet":"","ocean_menu_typo_transform_mobile":"","ocean_menu_typo_line_height":0,"ocean_menu_typo_line_height_tablet":0,"ocean_menu_typo_line_height_mobile":0,"ocean_menu_typo_line_height_unit":"","ocean_menu_typo_spacing":0,"ocean_menu_typo_spacing_tablet":0,"ocean_menu_typo_spacing_mobile":0,"ocean_menu_typo_spacing_unit":"","ocean_menu_link_color":"","ocean_menu_link_color_hover":"","ocean_menu_link_color_active":"","ocean_menu_link_background":"","ocean_menu_link_hover_background":"","ocean_menu_link_active_background":"","ocean_menu_social_links_bg":"","ocean_menu_social_hover_links_bg":"","ocean_menu_social_links_color":"","ocean_menu_social_hover_links_color":"","ocean_disable_title":"on","ocean_disable_heading":"default","ocean_post_title":"","ocean_post_subheading":"","ocean_post_title_style":"","ocean_post_title_background_color":"","ocean_post_title_background":0,"ocean_post_title_bg_image_position":"","ocean_post_title_bg_image_attachment":"","ocean_post_title_bg_image_repeat":"","ocean_post_title_bg_image_size":"","ocean_post_title_height":0,"ocean_post_title_bg_overlay":0.5,"ocean_post_title_bg_overlay_color":"","ocean_disable_breadcrumbs":"default","ocean_breadcrumbs_color":"","ocean_breadcrumbs_separator_color":"","ocean_breadcrumbs_links_color":"","ocean_breadcrumbs_links_hover_color":"","ocean_display_footer_widgets":"off","ocean_display_footer_bottom":"off","ocean_custom_footer_template":"0"},"_links":{"self":[{"href":"https:\/\/service-hippmann.de\/index.php?rest_route=\/wp\/v2\/pages\/46"}],"collection":[{"href":"https:\/\/service-hippmann.de\/index.php?rest_route=\/wp\/v2\/pages"}],"about":[{"href":"https:\/\/service-hippmann.de\/index.php?rest_route=\/wp\/v2\/types\/page"}],"author":[{"embeddable":true,"href":"https:\/\/service-hippmann.de\/index.php?rest_route=\/wp\/v2\/users\/1"}],"replies":[{"embeddable":true,"href":"https:\/\/service-hippmann.de\/index.php?rest_route=%2Fwp%2Fv2%2Fcomments&post=46"}],"version-history":[{"count":10,"href":"https:\/\/service-hippmann.de\/index.php?rest_route=\/wp\/v2\/pages\/46\/revisions"}],"predecessor-version":[{"id":559,"href":"https:\/\/service-hippmann.de\/index.php?rest_route=\/wp\/v2\/pages\/46\/revisions\/559"}],"wp:attachment":[{"href":"https:\/\/service-hippmann.de\/index.php?rest_route=%2Fwp%2Fv2%2Fmedia&parent=46"}],"curies":[{"name":"wp","href":"https:\/\/api.w.org\/{rel}","templated":true}]}}